{"id":409,"date":"2025-09-18T20:36:25","date_gmt":"2025-09-18T20:36:25","guid":{"rendered":"https:\/\/sitetest.byyg.ch\/?page_id=409"},"modified":"2026-03-28T11:22:14","modified_gmt":"2026-03-28T10:22:14","slug":"studio-lausannejoia-studio-lausanne-reformer-pilates-in-lausanne-joia-studio","status":"publish","type":"page","link":"https:\/\/joia-studio.com\/fr\/studio-lausannejoia-studio-lausanne-reformer-pilates-in-lausanne-joia-studio\/","title":{"rendered":"JOIA STUDIO LAUSANNE | Reformer Pilates in Lausanne | JOIA Studio."},"content":{"rendered":"<div data-elementor-type=\"wp-page\" data-elementor-id=\"409\" class=\"elementor elementor-409\" data-elementor-post-type=\"page\">\n\t\t\t\t<div class=\"elementor-element elementor-element-60e9c38e e-flex e-con-boxed e-con e-parent\" data-id=\"60e9c38e\" data-element_type=\"container\" data-settings=\"{&quot;background_background&quot;:&quot;classic&quot;}\">\n\t\t\t\t\t<div class=\"e-con-inner\">\n\t\t\t\t<div class=\"elementor-element elementor-element-a07d673 elementor-widget elementor-widget-heading\" data-id=\"a07d673\" data-element_type=\"widget\" data-widget_type=\"heading.default\">\n\t\t\t\t\t<h1 class=\"elementor-heading-title elementor-size-default\">The JOIA studio.<\/h1>\t\t\t\t<\/div>\n\t\t\t\t<div class=\"elementor-element elementor-element-6153543c elementor-widget elementor-widget-text-editor\" data-id=\"6153543c\" data-element_type=\"widget\" data-widget_type=\"text-editor.default\">\n\t\t\t\t\t\t\t\t\t<p>Lausanne, Switzerland<\/p>\t\t\t\t\t\t\t\t<\/div>\n\t\t\t\t\t<\/div>\n\t\t\t\t<\/div>\n\t\t<div class=\"elementor-element elementor-element-4d1d1dd e-flex e-con-boxed e-con e-parent\" data-id=\"4d1d1dd\" data-element_type=\"container\">\n\t\t\t\t\t<div class=\"e-con-inner\">\n\t\t<div class=\"elementor-element elementor-element-87ee4b3 e-con-full e-flex e-con e-child\" data-id=\"87ee4b3\" data-element_type=\"container\" data-settings=\"{&quot;background_background&quot;:&quot;slideshow&quot;,&quot;background_slideshow_gallery&quot;:[{&quot;id&quot;:1992,&quot;url&quot;:&quot;https:\\\/\\\/joia-studio.com\\\/wp-content\\\/uploads\\\/2025\\\/12\\\/JOIA_VD_0111_-292-1.jpg&quot;}],&quot;background_slideshow_loop&quot;:&quot;yes&quot;,&quot;background_slideshow_slide_duration&quot;:5000,&quot;background_slideshow_slide_transition&quot;:&quot;fade&quot;,&quot;background_slideshow_transition_duration&quot;:500}\">\n\t\t\t\t<\/div>\n\t\t<div class=\"elementor-element elementor-element-64a24f5 e-con-full e-flex e-con e-child\" data-id=\"64a24f5\" data-element_type=\"container\" data-settings=\"{&quot;background_background&quot;:&quot;classic&quot;}\">\n\t\t\t\t<div class=\"elementor-element elementor-element-5509516 elementor-widget__width-inherit elementor-widget elementor-widget-heading\" data-id=\"5509516\" data-element_type=\"widget\" data-widget_type=\"heading.default\">\n\t\t\t\t\t<h2 class=\"elementor-heading-title elementor-size-default\">Lausanne<\/h2>\t\t\t\t<\/div>\n\t\t\t\t<div class=\"elementor-element elementor-element-6ee648b elementor-widget__width-inherit elementor-widget elementor-widget-text-editor\" data-id=\"6ee648b\" data-element_type=\"widget\" data-widget_type=\"text-editor.default\">\n\t\t\t\t\t\t\t\t\t<p><span style=\"font-weight: 400;\">Located in the center of Lausanne, JOIA Studio redefines the Pilates experience through precision, refinement, and presence.<\/span><\/p><p><span style=\"font-weight: 400;\">Equipped with eight Merrithew Reformers, the studio offers an environment designed for performance and flow \u2014 where each session becomes a moment of focus and alignment.<\/span><\/p><p><span style=\"font-weight: 400;\">Guided by expert instructors, classes are tailored to support strength, control, and awareness, offering a highly personalized experience in a sophisticated urban setting.<\/span><\/p>\t\t\t\t\t\t\t\t<\/div>\n\t\t\t\t<div class=\"elementor-element elementor-element-16f4a85 elementor-widget elementor-widget-button\" data-id=\"16f4a85\" data-element_type=\"widget\" data-widget_type=\"button.default\">\n\t\t\t\t\t\t\t\t\t\t<a class=\"elementor-button elementor-button-link elementor-size-sm\" href=\"https:\/\/backoffice.bsport.io\/m\/The%20JOIA%20STUDIO.%20-%20Lausanne\/4998\/calendar\/?isPreview=true\">\n\t\t\t\t\t\t<span class=\"elementor-button-content-wrapper\">\n\t\t\t\t\t\t\t\t\t<span class=\"elementor-button-text\">Book your class<\/span>\n\t\t\t\t\t<\/span>\n\t\t\t\t\t<\/a>\n\t\t\t\t\t\t\t\t<\/div>\n\t\t\t\t<\/div>\n\t\t\t\t\t<\/div>\n\t\t\t\t<\/div>\n\t\t<div class=\"elementor-element elementor-element-43987b2 e-flex e-con-boxed e-con e-parent\" data-id=\"43987b2\" data-element_type=\"container\">\n\t\t\t\t\t<div class=\"e-con-inner\">\n\t\t\t\t<div class=\"elementor-element elementor-element-a9827a0 elementor-widget elementor-widget-spacer\" data-id=\"a9827a0\" data-element_type=\"widget\" data-widget_type=\"spacer.default\">\n\t\t\t\t\t\t\t<div class=\"elementor-spacer\">\n\t\t\t<div class=\"elementor-spacer-inner\"><\/div>\n\t\t<\/div>\n\t\t\t\t\t\t<\/div>\n\t\t\t\t\t<\/div>\n\t\t\t\t<\/div>\n\t\t<div class=\"elementor-element elementor-element-cc71d7b e-flex e-con-boxed e-con e-parent\" data-id=\"cc71d7b\" data-element_type=\"container\" data-settings=\"{&quot;background_background&quot;:&quot;classic&quot;}\">\n\t\t\t\t\t<div class=\"e-con-inner\">\n\t\t\t\t<div class=\"elementor-element elementor-element-c48b5d7 animated-slow elementor-widget__width-inherit elementor-widget elementor-widget-heading\" data-id=\"c48b5d7\" data-element_type=\"widget\" data-settings=\"{&quot;_animation&quot;:&quot;none&quot;}\" data-widget_type=\"heading.default\">\n\t\t\t\t\t<h2 class=\"elementor-heading-title elementor-size-default\">Lausanne<br>Class Schedule &amp; Rates<\/h2>\t\t\t\t<\/div>\n\t\t\t\t<div class=\"elementor-element elementor-element-64bfbc1 elementor-align-left elementor-widget__width-auto elementor-mobile-align-center elementor-widget-mobile__width-inherit elementor-widget elementor-widget-button\" data-id=\"64bfbc1\" data-element_type=\"widget\" data-widget_type=\"button.default\">\n\t\t\t\t\t\t\t\t\t\t<a class=\"elementor-button elementor-button-link elementor-size-sm\" href=\"https:\/\/joia-studio.com\/fr\/lausanne-schedule-reformer-pilates-in-lasuanne-joia-studio\/\">\n\t\t\t\t\t\t<span class=\"elementor-button-content-wrapper\">\n\t\t\t\t\t\t\t\t\t<span class=\"elementor-button-text\">Schedule<\/span>\n\t\t\t\t\t<\/span>\n\t\t\t\t\t<\/a>\n\t\t\t\t\t\t\t\t<\/div>\n\t\t\t\t<div class=\"elementor-element elementor-element-0c36309 elementor-align-right elementor-widget__width-auto elementor-mobile-align-center elementor-widget-mobile__width-inherit elementor-widget elementor-widget-button\" data-id=\"0c36309\" data-element_type=\"widget\" data-widget_type=\"button.default\">\n\t\t\t\t\t\t\t\t\t\t<a class=\"elementor-button elementor-button-link elementor-size-sm\" href=\"https:\/\/joia-studio.com\/fr\/schedule-rates-reformer-pilates-a-lasuanne-joia-studio\/\">\n\t\t\t\t\t\t<span class=\"elementor-button-content-wrapper\">\n\t\t\t\t\t\t\t\t\t<span class=\"elementor-button-text\">Rates &amp; Membership<\/span>\n\t\t\t\t\t<\/span>\n\t\t\t\t\t<\/a>\n\t\t\t\t\t\t\t\t<\/div>\n\t\t\t\t<div class=\"elementor-element elementor-element-4157955 elementor-widget__width-inherit elementor-widget elementor-widget-text-editor\" data-id=\"4157955\" data-element_type=\"widget\" data-widget_type=\"text-editor.default\">\n\t\t\t\t\t\t\t\t\t<p>All students and EHL family members benefit from a special offer on our class packs.<br>To access this offer, please <a href=\"https:\/\/joia-studio.com\/fr\/contact\/\">contact<\/a> us by email and attach a valid proof of identification.<\/p>\t\t\t\t\t\t\t\t<\/div>\n\t\t\t\t\t<\/div>\n\t\t\t\t<\/div>\n\t\t<div class=\"elementor-element elementor-element-7a43df4 e-flex e-con-boxed e-con e-parent\" data-id=\"7a43df4\" data-element_type=\"container\">\n\t\t\t\t\t<div class=\"e-con-inner\">\n\t\t\t\t<div class=\"elementor-element elementor-element-09e5dbe elementor-widget__width-inherit elementor-widget elementor-widget-heading\" data-id=\"09e5dbe\" data-element_type=\"widget\" data-widget_type=\"heading.default\">\n\t\t\t\t\t<h2 class=\"elementor-heading-title elementor-size-default\">Our Lausanne Team<\/h2>\t\t\t\t<\/div>\n\t\t\t\t\t<\/div>\n\t\t\t\t<\/div>\n\t\t<div class=\"elementor-element elementor-element-d36fb99 e-grid e-con-boxed e-con e-parent\" data-id=\"d36fb99\" data-element_type=\"container\">\n\t\t\t\t\t<div class=\"e-con-inner\">\n\t\t\t\t<div class=\"elementor-element elementor-element-d393d2f elementor-flip-box--effect-fade elementor-widget elementor-widget-global elementor-global-1400 elementor-widget-flip-box\" data-id=\"d393d2f\" data-element_type=\"widget\" data-widget_type=\"flip-box.default\">\n\t\t\t\t\t\t\t<div class=\"elementor-flip-box\" tabindex=\"0\">\n\t\t\t<div class=\"elementor-flip-box__layer elementor-flip-box__front\">\n\t\t\t\t<div class=\"elementor-flip-box__layer__overlay\">\n\t\t\t\t\t<div class=\"elementor-flip-box__layer__inner\">\n\t\t\t\t\t\t\n\t\t\t\t\t\t\n\t\t\t\t\t\t\t\t\t\t\t<\/div>\n\t\t\t\t<\/div>\n\t\t\t<\/div>\n\t\t\t<div class=\"elementor-flip-box__layer elementor-flip-box__back\">\n\t\t\t<div class=\"elementor-flip-box__layer__overlay\">\n\t\t\t\t<div class=\"elementor-flip-box__layer__inner\">\n\t\t\t\t\t\t\t\t\t\t\t<h3 class=\"elementor-flip-box__layer__title\">\n\t\t\t\t\t\t\tJo\u00eblle\t\t\t\t\t\t<\/h3>\n\t\t\t\t\t\n\t\t\t\t\t\t\t\t\t\t\t<div class=\"elementor-flip-box__layer__description\">\n\t\t\t\t\t\t\tJo\u00eblle is a STOTT PILATES\u00ae\ufe0f certified instructor and co-founder of JOIA. Passionate about Pilates Reformer, she brings a mindful and modern approach to every class, guiding participants with precision, clarity, and energy. Known for creating sessions that are dynamic, engaging, and just the right level of challenge, Jo\u00eblle helps each student move with confidence, awareness, and joy.\t\t\t\t\t\t<\/div>\n\t\t\t\t\t\n\t\t\t\t\t\t\t\t<\/div>\n\t\t<\/div>\n\t\t<\/div>\n\t\t<\/div>\n\t\t\t\t\t\t<\/div>\n\t\t\t\t<div class=\"elementor-element elementor-element-02958ce elementor-flip-box--effect-fade elementor-widget elementor-widget-flip-box\" data-id=\"02958ce\" data-element_type=\"widget\" data-widget_type=\"flip-box.default\">\n\t\t\t\t\t\t\t<div class=\"elementor-flip-box\" tabindex=\"0\">\n\t\t\t<div class=\"elementor-flip-box__layer elementor-flip-box__front\">\n\t\t\t\t<div class=\"elementor-flip-box__layer__overlay\">\n\t\t\t\t\t<div class=\"elementor-flip-box__layer__inner\">\n\t\t\t\t\t\t\n\t\t\t\t\t\t\n\t\t\t\t\t\t\t\t\t\t\t<\/div>\n\t\t\t\t<\/div>\n\t\t\t<\/div>\n\t\t\t<div class=\"elementor-flip-box__layer elementor-flip-box__back\">\n\t\t\t<div class=\"elementor-flip-box__layer__overlay\">\n\t\t\t\t<div class=\"elementor-flip-box__layer__inner\">\n\t\t\t\t\t\t\t\t\t\t\t<h3 class=\"elementor-flip-box__layer__title\">\n\t\t\t\t\t\t\tAngela\t\t\t\t\t\t<\/h3>\n\t\t\t\t\t\n\t\t\t\t\t\t\t\t\t\t\t<div class=\"elementor-flip-box__layer__description\">\n\t\t\t\t\t\t\tAngela is a Swiss Pilates\u00ae certified instructor and Lausanne Studio Manager at JOIA. Trained in Pilates and Yoga, she is passionate about proprioception and mindful movement. In her Reformer classes, she guides participants through exercises that are both approachable and stimulating, promoting strength and a sense of accomplishment.\t\t\t\t\t\t<\/div>\n\t\t\t\t\t\n\t\t\t\t\t\t\t\t<\/div>\n\t\t<\/div>\n\t\t<\/div>\n\t\t<\/div>\n\t\t\t\t\t\t<\/div>\n\t\t\t\t<div class=\"elementor-element elementor-element-275cff6 elementor-flip-box--effect-fade elementor-widget elementor-widget-flip-box\" data-id=\"275cff6\" data-element_type=\"widget\" data-widget_type=\"flip-box.default\">\n\t\t\t\t\t\t\t<div class=\"elementor-flip-box\" tabindex=\"0\">\n\t\t\t<div class=\"elementor-flip-box__layer elementor-flip-box__front\">\n\t\t\t\t<div class=\"elementor-flip-box__layer__overlay\">\n\t\t\t\t\t<div class=\"elementor-flip-box__layer__inner\">\n\t\t\t\t\t\t\n\t\t\t\t\t\t\n\t\t\t\t\t\t\t\t\t\t\t<\/div>\n\t\t\t\t<\/div>\n\t\t\t<\/div>\n\t\t\t<div class=\"elementor-flip-box__layer elementor-flip-box__back\">\n\t\t\t<div class=\"elementor-flip-box__layer__overlay\">\n\t\t\t\t<div class=\"elementor-flip-box__layer__inner\">\n\t\t\t\t\t\t\t\t\t\t\t<h3 class=\"elementor-flip-box__layer__title\">\n\t\t\t\t\t\t\tVictoria\t\t\t\t\t\t<\/h3>\n\t\t\t\t\t\n\t\t\t\t\t\t\t\t\t\t\t<div class=\"elementor-flip-box__layer__description\">\n\t\t\t\t\t\t\tVictoria is a STOTT PILATES\u00ae Reformer certified instructor and Neuch\u00e2tel Studio Coordinator at JOIA.\nHer teaching blends technical accuracy with dynamic, motivating instruction.\nAlso certified in Pilates Mat and Yoga, her goal is simple: to help students build strength and fully enjoy every moment of their practice.\n\n\n\n\t\t\t\t\t\t<\/div>\n\t\t\t\t\t\n\t\t\t\t\t\t\t\t<\/div>\n\t\t<\/div>\n\t\t<\/div>\n\t\t<\/div>\n\t\t\t\t\t\t<\/div>\n\t\t\t\t<div class=\"elementor-element elementor-element-c27428c elementor-flip-box--effect-fade elementor-widget elementor-widget-global elementor-global-1413 elementor-widget-flip-box\" data-id=\"c27428c\" data-element_type=\"widget\" data-widget_type=\"flip-box.default\">\n\t\t\t\t\t\t\t<div class=\"elementor-flip-box\" tabindex=\"0\">\n\t\t\t<div class=\"elementor-flip-box__layer elementor-flip-box__front\">\n\t\t\t\t<div class=\"elementor-flip-box__layer__overlay\">\n\t\t\t\t\t<div class=\"elementor-flip-box__layer__inner\">\n\t\t\t\t\t\t\n\t\t\t\t\t\t\n\t\t\t\t\t\t\t\t\t\t\t<\/div>\n\t\t\t\t<\/div>\n\t\t\t<\/div>\n\t\t\t<div class=\"elementor-flip-box__layer elementor-flip-box__back\">\n\t\t\t<div class=\"elementor-flip-box__layer__overlay\">\n\t\t\t\t<div class=\"elementor-flip-box__layer__inner\">\n\t\t\t\t\t\t\t\t\t\t\t<h3 class=\"elementor-flip-box__layer__title\">\n\t\t\t\t\t\t\tDiana\t\t\t\t\t\t<\/h3>\n\t\t\t\t\t\n\t\t\t\t\t\t\t\t\t\t\t<div class=\"elementor-flip-box__layer__description\">\n\t\t\t\t\t\t\tDiana is a Pilates instructor currently training in Reformer Pilates. With a background in Yoga and architecture, she is passionate about mindful movement, body awareness, and the mind-body connection. Her Reformer classes at JOIA are flowing, engaging, and music-driven, creating an environment where participants can move with focus, energy, and joy.\t\t\t\t\t\t<\/div>\n\t\t\t\t\t\n\t\t\t\t\t\t\t\t<\/div>\n\t\t<\/div>\n\t\t<\/div>\n\t\t<\/div>\n\t\t\t\t\t\t<\/div>\n\t\t\t\t<div class=\"elementor-element elementor-element-df80fd1 elementor-flip-box--effect-fade elementor-widget elementor-widget-flip-box\" data-id=\"df80fd1\" data-element_type=\"widget\" data-widget_type=\"flip-box.default\">\n\t\t\t\t\t\t\t<div class=\"elementor-flip-box\" tabindex=\"0\">\n\t\t\t<div class=\"elementor-flip-box__layer elementor-flip-box__front\">\n\t\t\t\t<div class=\"elementor-flip-box__layer__overlay\">\n\t\t\t\t\t<div class=\"elementor-flip-box__layer__inner\">\n\t\t\t\t\t\t\n\t\t\t\t\t\t\n\t\t\t\t\t\t\t\t\t\t\t<\/div>\n\t\t\t\t<\/div>\n\t\t\t<\/div>\n\t\t\t<div class=\"elementor-flip-box__layer elementor-flip-box__back\">\n\t\t\t<div class=\"elementor-flip-box__layer__overlay\">\n\t\t\t\t<div class=\"elementor-flip-box__layer__inner\">\n\t\t\t\t\t\t\t\t\t\t\t<h3 class=\"elementor-flip-box__layer__title\">\n\t\t\t\t\t\t\tYiting\t\t\t\t\t\t<\/h3>\n\t\t\t\t\t\n\t\t\t\t\t\t\t\t\t\t\t<div class=\"elementor-flip-box__layer__description\">\n\t\t\t\t\t\t\tYiting has completed her Mat Pilates training with BASI, and her Reformer Pilates training with BarreBody. \n\nWith her background in a dynamic sport, she understands the importance of physical health, but also recognizes that true wellness encompasses emotional and mental well being. \n\nDrawing from this holistic perspective, she designs Pilates classes that are not just workouts, but a full celebration of movement. \n\nWhether you seek strength through creative movements or liberation through mindful exploration, she will be there to support you on every step of your journey.\t\t\t\t\t\t<\/div>\n\t\t\t\t\t\n\t\t\t\t\t\t\t\t<\/div>\n\t\t<\/div>\n\t\t<\/div>\n\t\t<\/div>\n\t\t\t\t\t\t<\/div>\n\t\t\t\t\t<\/div>\n\t\t\t\t<\/div>\n\t\t<div class=\"elementor-element elementor-element-419f0fc7 e-con-full e-flex e-con e-parent\" data-id=\"419f0fc7\" data-element_type=\"container\">\n\t\t<div class=\"elementor-element elementor-element-5623347e e-con-full e-flex e-con e-child\" data-id=\"5623347e\" data-element_type=\"container\" data-settings=\"{&quot;background_background&quot;:&quot;slideshow&quot;,&quot;background_slideshow_gallery&quot;:[{&quot;id&quot;:2203,&quot;url&quot;:&quot;https:\\\/\\\/joia-studio.com\\\/wp-content\\\/uploads\\\/2026\\\/01\\\/POST-Q1-2026-5.jpg&quot;}],&quot;background_slideshow_loop&quot;:&quot;yes&quot;,&quot;background_slideshow_slide_duration&quot;:5000,&quot;background_slideshow_slide_transition&quot;:&quot;fade&quot;,&quot;background_slideshow_transition_duration&quot;:500}\">\n\t\t\t\t<\/div>\n\t\t<div class=\"elementor-element elementor-element-581c6bc0 e-con-full e-flex e-con e-child\" data-id=\"581c6bc0\" data-element_type=\"container\" data-settings=\"{&quot;background_background&quot;:&quot;classic&quot;}\">\n\t\t\t\t<div class=\"elementor-element elementor-element-68f17b4c elementor-widget__width-inherit elementor-widget elementor-widget-heading\" data-id=\"68f17b4c\" data-element_type=\"widget\" data-widget_type=\"heading.default\">\n\t\t\t\t\t<h2 class=\"elementor-heading-title elementor-size-default\">JOIA. Gift Cards<\/h2>\t\t\t\t<\/div>\n\t\t\t\t<div class=\"elementor-element elementor-element-c5ceace elementor-widget__width-inherit elementor-widget elementor-widget-text-editor\" data-id=\"c5ceace\" data-element_type=\"widget\" data-widget_type=\"text-editor.default\">\n\t\t\t\t\t\t\t\t\t<p>Offer the JOIA experience to someone special.<\/p>\t\t\t\t\t\t\t\t<\/div>\n\t\t\t\t<div class=\"elementor-element elementor-element-5ee0b561 elementor-widget elementor-widget-button\" data-id=\"5ee0b561\" data-element_type=\"widget\" data-widget_type=\"button.default\">\n\t\t\t\t\t\t\t\t\t\t<a class=\"elementor-button elementor-button-link elementor-size-sm\" href=\"https:\/\/backoffice.bsport.io\/m\/The%20JOIA%20STUDIO.%20-%20Neuch%C3%A2tel\/1954\/giftcard\/?tabSelected=6&#038;index=6\">\n\t\t\t\t\t\t<span class=\"elementor-button-content-wrapper\">\n\t\t\t\t\t\t\t\t\t<span class=\"elementor-button-text\">Gift Cards - Bern<\/span>\n\t\t\t\t\t<\/span>\n\t\t\t\t\t<\/a>\n\t\t\t\t\t\t\t\t<\/div>\n\t\t\t\t<div class=\"elementor-element elementor-element-e4dd966 elementor-widget elementor-widget-button\" data-id=\"e4dd966\" data-element_type=\"widget\" data-widget_type=\"button.default\">\n\t\t\t\t\t\t\t\t\t\t<a class=\"elementor-button elementor-button-link elementor-size-sm\" href=\"https:\/\/backoffice.bsport.io\/m\/The%20JOIA%20STUDIO.%20-%20Neuch%C3%A2tel\/1954\/giftcard\/?tabSelected=6&#038;index=6\">\n\t\t\t\t\t\t<span class=\"elementor-button-content-wrapper\">\n\t\t\t\t\t\t\t\t\t<span class=\"elementor-button-text\">Gift Cards - Neuch\u00e2tel<\/span>\n\t\t\t\t\t<\/span>\n\t\t\t\t\t<\/a>\n\t\t\t\t\t\t\t\t<\/div>\n\t\t\t\t<div class=\"elementor-element elementor-element-46b8a6ef elementor-widget elementor-widget-button\" data-id=\"46b8a6ef\" data-element_type=\"widget\" data-widget_type=\"button.default\">\n\t\t\t\t\t\t\t\t\t\t<a class=\"elementor-button elementor-button-link elementor-size-sm\" href=\"https:\/\/backoffice.bsport.io\/m\/The%20JOIA%20STUDIO.%20-%20Lausanne\/4998\/giftcard\/?tabSelected=8&#038;index=8\">\n\t\t\t\t\t\t<span class=\"elementor-button-content-wrapper\">\n\t\t\t\t\t\t\t\t\t<span class=\"elementor-button-text\">Gift Cards - Lausanne<\/span>\n\t\t\t\t\t<\/span>\n\t\t\t\t\t<\/a>\n\t\t\t\t\t\t\t\t<\/div>\n\t\t\t\t<\/div>\n\t\t\t\t<\/div>\n\t\t<div class=\"elementor-element elementor-element-d946f74 e-flex e-con-boxed e-con e-parent\" data-id=\"d946f74\" data-element_type=\"container\">\n\t\t\t\t\t<div class=\"e-con-inner\">\n\t\t\t\t<div class=\"elementor-element elementor-element-24d1456 elementor-widget elementor-widget-html\" data-id=\"24d1456\" data-element_type=\"widget\" data-widget_type=\"html.default\">\n\t\t\t\t\t<script type=\"application\/ld+json\">\n{\n  \"@context\": \"https:\/\/schema.org\",\n  \"@type\": \"HealthAndBeautyBusiness\",\n  \"name\": \"The JOIA STUDIO. - Lausanne\",\n  \"description\": \"Studio de Pilates Reformer haut de gamme au c\u0153ur de Lausanne. Cours collectifs et s\u00e9ances priv\u00e9es.\",\n  \"url\": \"https:\/\/joia-studio.com\/lausanne\/\",\n  \"image\": \"https:\/\/joia-studio.com\/wp-content\/uploads\/2023\/06\/logo-joia.png\",\n  \"address\": {\n    \"@type\": \"PostalAddress\",\n    \"streetAddress\": \"Rue du Petit-Ch\u00eane 20\",\n    \"addressLocality\": \"Lausanne\",\n    \"postalCode\": \"1003\",\n    \"addressCountry\": \"CH\"\n  },\n  \"geo\": {\n    \"@type\": \"GeoCoordinates\",\n    \"latitude\": \"46.5190362\",\n    \"longitude\": \"6.6315038\"\n  },\n  \"openingHoursSpecification\": [\n    {\n      \"@type\": \"OpeningHoursSpecification\",\n      \"dayOfWeek\": \"Monday\",\n      \"opens\": \"09:45\",\n      \"closes\": \"19:15\"\n    },\n    {\n      \"@type\": \"OpeningHoursSpecification\",\n      \"dayOfWeek\": \"Tuesday\",\n      \"opens\": \"09:45\",\n      \"closes\": \"20:15\"\n    },\n    {\n      \"@type\": \"OpeningHoursSpecification\",\n      \"dayOfWeek\": \"Wednesday\",\n      \"opens\": \"06:45\",\n      \"closes\": \"20:15\"\n    },\n    {\n      \"@type\": \"OpeningHoursSpecification\",\n      \"dayOfWeek\": \"Thursday\",\n      \"opens\": \"09:45\",\n      \"closes\": \"20:15\"\n    },\n    {\n      \"@type\": \"OpeningHoursSpecification\",\n      \"dayOfWeek\": \"Friday\",\n      \"opens\": \"06:45\",\n      \"closes\": \"19:45\"\n    },\n    {\n      \"@type\": \"OpeningHoursSpecification\",\n      \"dayOfWeek\": \"Saturday\",\n      \"opens\": \"09:45\",\n      \"closes\": \"13:15\"\n    }\n  ],\n  \"sameAs\": [\n    \"https:\/\/www.instagram.com\/joia.studios\/\"\n  ]\n}\n<\/script>\t\t\t\t<\/div>\n\t\t\t\t\t<\/div>\n\t\t\t\t<\/div>\n\t\t\t\t<\/div>","protected":false},"excerpt":{"rendered":"<p>The JOIA studio. Lausanne, Switzerland Lausanne Located in the center of Lausanne, JOIA Studio redefines the Pilates experience through precision, refinement, and presence. Equipped with eight Merrithew Reformers, the studio offers an environment designed for performance and flow \u2014 where each session becomes a moment of focus and alignment. Guided by expert instructors, classes are [&hellip;]<\/p>","protected":false},"author":2,"featured_media":0,"parent":0,"menu_order":0,"comment_status":"closed","ping_status":"closed","template":"elementor_header_footer","meta":{"footnotes":""},"class_list":["post-409","page","type-page","status-publish","hentry"],"_links":{"self":[{"href":"https:\/\/joia-studio.com\/fr\/wp-json\/wp\/v2\/pages\/409","targetHints":{"allow":["GET"]}}],"collection":[{"href":"https:\/\/joia-studio.com\/fr\/wp-json\/wp\/v2\/pages"}],"about":[{"href":"https:\/\/joia-studio.com\/fr\/wp-json\/wp\/v2\/types\/page"}],"author":[{"embeddable":true,"href":"https:\/\/joia-studio.com\/fr\/wp-json\/wp\/v2\/users\/2"}],"replies":[{"embeddable":true,"href":"https:\/\/joia-studio.com\/fr\/wp-json\/wp\/v2\/comments?post=409"}],"version-history":[{"count":76,"href":"https:\/\/joia-studio.com\/fr\/wp-json\/wp\/v2\/pages\/409\/revisions"}],"predecessor-version":[{"id":2560,"href":"https:\/\/joia-studio.com\/fr\/wp-json\/wp\/v2\/pages\/409\/revisions\/2560"}],"wp:attachment":[{"href":"https:\/\/joia-studio.com\/fr\/wp-json\/wp\/v2\/media?parent=409"}],"curies":[{"name":"wp","href":"https:\/\/api.w.org\/{rel}","templated":true}]}}